{"id":23,"date":"2025-04-07T18:41:06","date_gmt":"2025-04-07T16:41:06","guid":{"rendered":"http:\/\/mnazsly.cluster100.hosting.ovh.net\/?page_id=23"},"modified":"2025-04-09T18:53:25","modified_gmt":"2025-04-09T16:53:25","slug":"accueil","status":"publish","type":"page","link":"https:\/\/www.asvliegetchantches.be\/","title":{"rendered":"Accueil"},"content":{"rendered":"\n<p>Ch\u00e8res amies, chers amis,<\/p>\n\n\n\n<p>Vous avez d\u00e9cid\u00e9 de mettre fin \u00e0 votre activit\u00e9 professionnelle au sein de la banque.<\/p>\n\n\n\n<p>Que ce soit une d\u00e9cision librement choisie ou une orientation sugg\u00e9r\u00e9e, vous voici entr\u00e9s dans le monde des (pr\u00e9)retrait\u00e9s. Nous vous souhaitons de vous r\u00e9aliser avec succ\u00e8s dans cette nouvelle occupation et de pouvoir profiter pleinement des nouvelles libert\u00e9s qui s\u2019offrent \u00e0 vous.<\/p>\n\n\n\n<p>Depuis de nombreuses ann\u00e9es, les \u00ab&nbsp;anciens&nbsp;\u00bb se sont regroup\u00e9s en une association qui porte maintenant le nom de ASV (association des s\u00e9niors\/idem en n\u00e9erlandais) Li\u00e8ge-Tchantch\u00e8s pour ce qui concerne notre province.<\/p>\n\n\n\n<p>A ce titre, nous organisons des visites culturelles, des activit\u00e9s plus ludiques, des repas, des voyages et autres qui nous permettent de nous retrouver dans d\u2019amicales r\u00e9unions. Loin de nous l\u2019id\u00e9e d\u2019un rassemblement de nostalgiques des temps lointains, notre plus grand plaisir \u00e9tant de passer des moments agr\u00e9ables lors d\u2019activit\u00e9s diverses et d\u2019int\u00e9grer de nouveaux adh\u00e9rents pour passer un cap.<\/p>\n\n\n\n<p>Si vous d\u00e9sirez vous joindre \u00e0 nous, veuillez remplir le(s) document(s) annex\u00e9(s). La cotisation annuelle du membre est de 5 \u20ac. Si votre conjoint ou partenaire participe aux activit\u00e9s, il paiera \u00e9galement 5 \u20ac.<\/p>\n\n\n\n<p>De plus, vous continuerez \u00e0 b\u00e9n\u00e9ficier de la plate-forme BENEFITS AT WORK.<\/p>\n\n\n\n<p>N\u2019h\u00e9sitez pas \u00e0 contacter un membre du comit\u00e9 et en parlez \u00e0 d\u2019autres coll\u00e8gues dans votre situation et qui n\u2019auraient pas re\u00e7u cette lettre.<\/p>\n\n\n\n<p>Nous attendons sinc\u00e8rement le plaisir de vous revoir ou de faire votre connaissance.<\/p>\n\n\n\n<p>Nous vous pr\u00e9sentons, ainsi qu\u2019\u00e0 vos proches, nos meilleurs v\u0153ux pour cette nouvelle ann\u00e9e, surtout une bonne sant\u00e9.<\/p>\n\n\n\n<figure class=\"wp-block-image size-large\"><img loading=\"lazy\" decoding=\"async\" width=\"1024\" height=\"149\" src=\"https:\/\/www.asvliegetchantches.be\/wp-content\/uploads\/2025\/04\/trailer-1024x149.png\" alt=\"\" class=\"wp-image-73\" srcset=\"https:\/\/www.asvliegetchantches.be\/wp-content\/uploads\/2025\/04\/trailer-1024x149.png 1024w, https:\/\/www.asvliegetchantches.be\/wp-content\/uploads\/2025\/04\/trailer-300x44.png 300w, https:\/\/www.asvliegetchantches.be\/wp-content\/uploads\/2025\/04\/trailer-768x112.png 768w, https:\/\/www.asvliegetchantches.be\/wp-content\/uploads\/2025\/04\/trailer-1536x224.png 1536w, https:\/\/www.asvliegetchantches.be\/wp-content\/uploads\/2025\/04\/trailer-624x91.png 624w, https:\/\/www.asvliegetchantches.be\/wp-content\/uploads\/2025\/04\/trailer.png 1558w\" sizes=\"auto, (max-width: 1024px) 100vw, 1024px\" \/><\/figure>\n","protected":false},"excerpt":{"rendered":"<p>Ch\u00e8res amies, chers amis, Vous avez d\u00e9cid\u00e9 de mettre fin \u00e0 votre activit\u00e9 professionnelle au sein de la banque. Que ce soit une d\u00e9cision librement choisie ou une orientation sugg\u00e9r\u00e9e, vous voici entr\u00e9s dans le monde des (pr\u00e9)retrait\u00e9s. Nous vous souhaitons de vous r\u00e9aliser avec succ\u00e8s dans cette nouvelle occupation et de pouvoir profiter pleinement [&hellip;]<\/p>\n","protected":false},"author":1,"featured_media":0,"parent":0,"menu_order":0,"comment_status":"closed","ping_status":"closed","template":"","meta":{"footnotes":""},"class_list":["post-23","page","type-page","status-publish","hentry"],"_links":{"self":[{"href":"https:\/\/www.asvliegetchantches.be\/index.php\/wp-json\/wp\/v2\/pages\/23","targetHints":{"allow":["GET"]}}],"collection":[{"href":"https:\/\/www.asvliegetchantches.be\/index.php\/wp-json\/wp\/v2\/pages"}],"about":[{"href":"https:\/\/www.asvliegetchantches.be\/index.php\/wp-json\/wp\/v2\/types\/page"}],"author":[{"embeddable":true,"href":"https:\/\/www.asvliegetchantches.be\/index.php\/wp-json\/wp\/v2\/users\/1"}],"replies":[{"embeddable":true,"href":"https:\/\/www.asvliegetchantches.be\/index.php\/wp-json\/wp\/v2\/comments?post=23"}],"version-history":[{"count":2,"href":"https:\/\/www.asvliegetchantches.be\/index.php\/wp-json\/wp\/v2\/pages\/23\/revisions"}],"predecessor-version":[{"id":74,"href":"https:\/\/www.asvliegetchantches.be\/index.php\/wp-json\/wp\/v2\/pages\/23\/revisions\/74"}],"wp:attachment":[{"href":"https:\/\/www.asvliegetchantches.be\/index.php\/wp-json\/wp\/v2\/media?parent=23"}],"curies":[{"name":"wp","href":"https:\/\/api.w.org\/{rel}","templated":true}]}}